{"id":3,"date":"2021-01-05T19:13:24","date_gmt":"2021-01-05T19:13:24","guid":{"rendered":"http:\/\/www.digitalvisible.net\/?page_id=3"},"modified":"2021-02-18T14:02:21","modified_gmt":"2021-02-18T14:02:21","slug":"politica-de-confidentialitate","status":"publish","type":"page","link":"http:\/\/www.digitalvisible.net\/en\/politica-de-confidentialitate\/","title":{"rendered":"Politic\u0103 de confiden\u021bialitate"},"content":{"rendered":"<div data-elementor-type=\"wp-page\" data-elementor-id=\"3\" class=\"elementor elementor-3\">\n\t\t\t\t\t\t<section class=\"elementor-section elementor-top-section elementor-element elementor-element-303e3ed6 elementor-section-boxed elementor-section-height-default elementor-section-height-default\" data-id=\"303e3ed6\" data-element_type=\"section\">\n\t\t\t\t\t\t<div class=\"elementor-container elementor-column-gap-default\">\n\t\t\t\t\t<div class=\"elementor-column elementor-col-100 elementor-top-column elementor-element elementor-element-7922e407\" data-id=\"7922e407\" data-element_type=\"column\">\n\t\t\t<div class=\"elementor-widget-wrap elementor-element-populated\">\n\t\t\t\t\t\t<div class=\"elementor-element elementor-element-6c39b3c8 elementor-widget elementor-widget-text-editor\" data-id=\"6c39b3c8\" data-element_type=\"widget\" data-widget_type=\"text-editor.default\">\n\t\t\t\t<div class=\"elementor-widget-container\">\n\t\t\t\t\t\t\t\t\t<p><\/p>\n<h2 class=\"wp-block-heading\">Cine suntem?<\/h2>\n<p><\/p>\n<p>Adresa sitului web este: http:\/\/www.digitalvisible.net.<\/p>\n<p><\/p>\n<h2 class=\"wp-block-heading\">Ce date personale colect\u0103m \u0219i de ce le colect\u0103m?<\/h2>\n<p><\/p>\n<h3 class=\"wp-block-heading\">Comentarii<\/h3>\n<p><\/p>\n<p>C\u00e2nd vizitatorii las\u0103 comentarii pe site, colect\u0103m datele ar\u0103tate \u00een formularele de comentarii, dar \u0219i adresa IP a vizitatorului \u0219i \u0219irul agen\u021bilor utilizator din navigator pentru a ne ajuta la detectarea spamului.<\/p>\n<p><\/p>\n<p>Un \u0219ir f\u0103cut anonim (numit \u0219i un hash), creat din adresele tale de email, poate fi furnizat serviciului Gravatar pentru a vedea dac\u0103 \u00eel folose\u0219ti. Politica de confiden\u021bialitate a serviciului Gravatar este disponibil\u0103 aici: https:\/\/automattic.com\/privacy\/. Dup\u0103 aprobarea comentariului, fotografia ta de profil este vizibil\u0103 pentru public l\u00e2ng\u0103 comentariul t\u0103u.<\/p>\n<p><\/p>\n<h3 class=\"wp-block-heading\">Media<\/h3>\n<p><\/p>\n<p>Dac\u0103 \u00eencarci imagini pe situl web, ar trebui s\u0103 evi\u021bi \u00eenc\u0103rcarea imaginilor care au incluse date de loca\u021bie \u00eenglobate (EXIF GPS). Vizitatorii sitului web pot desc\u0103rca \u0219i extrage toate datele despre loca\u021bie din imaginile de pe sit.<\/p>\n<p><\/p>\n<h3 class=\"wp-block-heading\">Formulare de contact<\/h3>\n<p><\/p>\n<h3 class=\"wp-block-heading\">Cookie-uri<\/h3>\n<p><\/p>\n<p>Dac\u0103 la\u0219i un comentariu pe situl nostru, po\u021bi opta pentru salvarea \u00een cookie-uri a numelui, adresei de email \u0219i sitului t\u0103u web. Acestea sunt pentru confortul t\u0103u, astfel nu mai trebuie s\u0103 le completezi din nou c\u00e2nd la\u0219i un alt comentariu. Aceste cookie-uri vor fi valabile un an.<\/p>\n<p><\/p>\n<p>Dac\u0103 mergi la pagina noastr\u0103 de autentificare, vom seta un cookie temporar pentru a determina dac\u0103 navigatorul t\u0103u accept\u0103 cookie-uri. Acest cookie nu con\u021bine date personale \u0219i este eliminat c\u00e2nd \u00eenchizi navigatorul.<\/p>\n<p><\/p>\n<p>C\u00e2nd te autentifici, vom seta \u0219i c\u00e2teva cookie-uri pentru a-\u021bi salva informa\u021biile de autentificare \u0219i op\u021biunile de afi\u0219are pe ecran. Cookie-urile de autentificare sunt p\u0103strate dou\u0103 zile, iar cele pentru op\u021biuni de afi\u0219are pe ecran sunt p\u0103strate un an. Dac\u0103 selectezi \u201e\u021aine-m\u0103 minte\u201d, cookie-urile tale de autentificare vor fi p\u0103strate dou\u0103 s\u0103pt\u0103m\u00e2ni. Dac\u0103 te dezautentifici din cont, cookie-urile de autentificare vor fi eliminate.<\/p>\n<p><\/p>\n<p>Dac\u0103 editezi sau publici un articol, un cookie suplimentar va fi salvat \u00een navigatorul t\u0103u. Acest cookie nu include date personale \u0219i indic\u0103 pur \u0219i simplu ID-ul articolului pe care tocmai l-ai editat. El expir\u0103 dup\u0103 1 zi.<\/p>\n<p><\/p>\n<h3 class=\"wp-block-heading\">Con\u021binut \u00eenglobat de pe alte situri web<\/h3>\n<p><\/p>\n<p>Articolele din acest site pot include con\u021binut \u00eenglobat (de exemplu, videouri, imagini, articole etc.). Con\u021binutul \u00eenglobat de pe alte siteuri web se comporta exact la fel ca \u0219i cum vizitatorii au vizualizat un alt site web.<\/p>\n<p><\/p>\n<p>Aceste siteuri web pot s\u0103 colecteze date despre tine, s\u0103 foloseasc\u0103 cookie-uri, s\u0103 \u00eenglobeze urm\u0103rirea suplimentar\u0103 de la p\u0103r\u021bi ter\u021be \u0219i s\u0103-\u021bi monitorizeze interac\u021biunea cu con\u021binutul \u00eenglobat, inclusiv s\u0103-\u021bi urm\u0103reasc\u0103 interac\u021biunea cu con\u021binutul \u00eenglobat dac\u0103 ai un cont \u0219i e\u0219ti autentificat \u00een acel site web.<\/p>\n<p><\/p>\n<h3 class=\"wp-block-heading\">Analitice<\/h3>\n<p><\/p>\n<h2 class=\"wp-block-heading\">Cu cine partaj\u0103m datele tale<\/h2>\n<p><\/p>\n<p>Dac\u0103 ceri resetarea parolei, adresa ta IP va fi inclus\u0103 \u00een emailul pentru resetare.<\/p>\n<p><\/p>\n<h2 class=\"wp-block-heading\">C\u00e2t timp \u00ee\u021bi p\u0103str\u0103m datele<\/h2>\n<p><\/p>\n<p>Dac\u0103 la\u0219i un comentariu, comentariul \u0219i metadatele lui sunt p\u0103strate pe o perioad\u0103 nedeterminat\u0103. A\u0219a putem recunoa\u0219te \u0219i aproba automat toate comentariile urm\u0103toare \u00een loc s\u0103 le \u021binem \u00eentr-o coad\u0103 pentru moderare.<\/p>\n<p><\/p>\n<p>Pentru utilizatorii (dac\u0103 exist\u0103) care se \u00eenregistreaz\u0103 pe situl nostru web, stoc\u0103m \u0219i informa\u021biile personale pe care le furnizeaz\u0103 \u00een profilul lor de utilizator. To\u021bi utilizatorii \u00ee\u0219i pot vedea, edita sau \u0219terge informa\u021biile personale oric\u00e2nd (dar nu \u00ee\u0219i pot schimba numele de utilizator). De asemenea, administratorii sitului web pot vedea \u0219i edita aceste informa\u021bii.<\/p>\n<p><\/p>\n<h2 class=\"wp-block-heading\">Ce drepturi ai asupra datelor tale<\/h2>\n<p><\/p>\n<p>Dac\u0103 ai un cont sau ai l\u0103sat comentarii pe acest site web, po\u021bi cere s\u0103 prime\u0219ti un fi\u0219ier de export cu datele personale pe care le de\u021binem despre tine, inclusiv toate datele pe care ni le-ai furnizat. De asemenea, ne po\u021bi cere s\u0103 \u0219tergem toate datele personale pe care le de\u021binem despre tine. Acestea nu includ toate datele pe care suntem obliga\u021bi s\u0103 le p\u0103str\u0103m \u00een scopuri administrative, juridice sau de securitate.<\/p>\n<p><\/p>\n<h2 class=\"wp-block-heading\">Unde \u00ee\u021bi trimitem datele<\/h2>\n<p><\/p>\n<p>Comentariile vizitatorilor pot fi verificate printr-un serviciu automat de detectare a spamului.<\/p>\n<p><\/p>\n<h2 class=\"wp-block-heading\">Informa\u021biile tale de contact<\/h2>\n<p><\/p>\n<h2 class=\"wp-block-heading\">Informa\u021bii suplimentare<\/h2>\n<p><\/p>\n<h3 class=\"wp-block-heading\">Cum \u00ee\u021bi protej\u0103m datele<\/h3>\n<p><\/p>\n<h3 class=\"wp-block-heading\">Ce proceduri avem la dispozi\u021bie pentru \u00eenc\u0103lcarea securit\u0103\u021bii datelor<\/h3>\n<p><\/p>\n<h3 class=\"wp-block-heading\">De la care p\u0103r\u021bi ter\u021be primim date<\/h3>\n<p><\/p>\n<h3 class=\"wp-block-heading\">Ce decizii lu\u0103m \u0219i\/sau ce profiluri realiz\u0103m automat cu datele utilizatorilor<\/h3>\n<p><\/p>\n<h3 class=\"wp-block-heading\">Cerin\u021be pentru divulgarea unei afaceri controlat\u0103 de guvern<\/h3>\n<p><\/p>\t\t\t\t\t\t\t\t<\/div>\n\t\t\t\t<\/div>\n\t\t\t\t\t<\/div>\n\t\t<\/div>\n\t\t\t\t\t<\/div>\n\t\t<\/section>\n\t\t\t\t<\/div>","protected":false},"excerpt":{"rendered":"<p>Cine suntem? Adresa sitului web este: http:\/\/www.digitalvisible.net. Ce date personale colect\u0103m \u0219i de ce le colect\u0103m? Comentarii C\u00e2nd vizitatorii las\u0103 comentarii pe site, colect\u0103m datele ar\u0103tate \u00een formularele de comentarii, dar \u0219i adresa IP a vizitatorului \u0219i \u0219irul agen\u021bilor utilizator din navigator pentru a ne ajuta la detectarea spamului. Un \u0219ir f\u0103cut anonim (numit \u0219i &hellip;<\/p>\n<p class=\"read-more\"> <a class=\"\" href=\"http:\/\/www.digitalvisible.net\/en\/politica-de-confidentialitate\/\"> <span class=\"screen-reader-text\">Politic\u0103 de confiden\u021bialitate<\/span> Read More &raquo;<\/a><\/p>","protected":false},"author":1,"featured_media":0,"parent":0,"menu_order":0,"comment_status":"closed","ping_status":"open","template":"","meta":{"site-sidebar-layout":"default","site-content-layout":"default","ast-global-header-display":"","ast-main-header-display":"","ast-hfb-above-header-display":"","ast-hfb-below-header-display":"","ast-hfb-mobile-header-display":"","site-post-title":"","ast-breadcrumbs-content":"","ast-featured-img":"","footer-sml-layout":"","theme-transparent-header-meta":"","adv-header-id-meta":"","stick-header-meta":"","header-above-stick-meta":"","header-main-stick-meta":"","header-below-stick-meta":"","footnotes":""},"class_list":["post-3","page","type-page","status-publish","hentry"],"yoast_head":"<!-- This site is optimized with the Yoast SEO plugin v25.8 - https:\/\/yoast.com\/wordpress\/plugins\/seo\/ -->\r\n<title>Politic\u0103 de confiden\u021bialitate &#8902; DigitalVisible internet marketing agency in Timisoara , TM<\/title>\r\n<meta name=\"robots\" content=\"index, follow, max-snippet:-1, max-image-preview:large, max-video-preview:-1\" \/>\r\n<link rel=\"canonical\" href=\"http:\/\/www.digitalvisible.net\/en\/politica-de-confidentialitate\/\" \/>\r\n<meta property=\"og:locale\" content=\"en_US\" \/>\r\n<meta property=\"og:type\" content=\"article\" \/>\r\n<meta property=\"og:title\" content=\"Politic\u0103 de confiden\u021bialitate &#8902; DigitalVisible internet marketing agency in Timisoara , TM\" \/>\r\n<meta property=\"og:description\" content=\"Cine suntem? Adresa sitului web este: http:\/\/www.digitalvisible.net. Ce date personale colect\u0103m \u0219i de ce le colect\u0103m? Comentarii C\u00e2nd vizitatorii las\u0103 comentarii pe site, colect\u0103m datele ar\u0103tate \u00een formularele de comentarii, dar \u0219i adresa IP a vizitatorului \u0219i \u0219irul agen\u021bilor utilizator din navigator pentru a ne ajuta la detectarea spamului. Un \u0219ir f\u0103cut anonim (numit \u0219i &hellip; Politic\u0103 de confiden\u021bialitate Read More &raquo;\" \/>\r\n<meta property=\"og:url\" content=\"http:\/\/www.digitalvisible.net\/en\/politica-de-confidentialitate\/\" \/>\r\n<meta property=\"og:site_name\" content=\"DigitalVisible internet marketing agency in Timisoara , TM\" \/>\r\n<meta property=\"article:publisher\" content=\"https:\/\/www.facebook.com\/digitalvisible.net\/news_feed\" \/>\r\n<meta property=\"article:modified_time\" content=\"2021-02-18T14:02:21+00:00\" \/>\r\n<meta property=\"og:image\" content=\"http:\/\/www.digitalvisible.net\/wp-content\/uploads\/2021\/02\/LogoMakr-1dfKUx.png\" \/>\r\n\t<meta property=\"og:image:width\" content=\"300\" \/>\r\n\t<meta property=\"og:image:height\" content=\"121\" \/>\r\n\t<meta property=\"og:image:type\" content=\"image\/png\" \/>\r\n<meta name=\"twitter:card\" content=\"summary_large_image\" \/>\r\n<meta name=\"twitter:label1\" content=\"Est. reading time\" \/>\n\t<meta name=\"twitter:data1\" content=\"3 minutes\" \/>\r\n<script type=\"application\/ld+json\" class=\"yoast-schema-graph\">{\"@context\":\"https:\/\/schema.org\",\"@graph\":[{\"@type\":\"WebPage\",\"@id\":\"http:\/\/www.digitalvisible.net\/politica-de-confidentialitate\/\",\"url\":\"http:\/\/www.digitalvisible.net\/politica-de-confidentialitate\/\",\"name\":\"Politic\u0103 de confiden\u021bialitate &#8902; DigitalVisible internet marketing agency in Timisoara , TM\",\"isPartOf\":{\"@id\":\"http:\/\/www.digitalvisible.net\/#website\"},\"datePublished\":\"2021-01-05T19:13:24+00:00\",\"dateModified\":\"2021-02-18T14:02:21+00:00\",\"breadcrumb\":{\"@id\":\"http:\/\/www.digitalvisible.net\/politica-de-confidentialitate\/#breadcrumb\"},\"inLanguage\":\"en-US\",\"potentialAction\":[{\"@type\":\"ReadAction\",\"target\":[\"http:\/\/www.digitalvisible.net\/politica-de-confidentialitate\/\"]}]},{\"@type\":\"BreadcrumbList\",\"@id\":\"http:\/\/www.digitalvisible.net\/politica-de-confidentialitate\/#breadcrumb\",\"itemListElement\":[{\"@type\":\"ListItem\",\"position\":1,\"name\":\"Home\",\"item\":\"http:\/\/www.digitalvisible.net\/\"},{\"@type\":\"ListItem\",\"position\":2,\"name\":\"Politic\u0103 de confiden\u021bialitate\"}]},{\"@type\":\"WebSite\",\"@id\":\"http:\/\/www.digitalvisible.net\/#website\",\"url\":\"http:\/\/www.digitalvisible.net\/\",\"name\":\"DigitalVisible internet marketing agency in Timisoara , TM\",\"description\":\"Internet marketing service, SEO, SEM, E-commerce, near me, in Timisoara TM\",\"publisher\":{\"@id\":\"http:\/\/www.digitalvisible.net\/#organization\"},\"potentialAction\":[{\"@type\":\"SearchAction\",\"target\":{\"@type\":\"EntryPoint\",\"urlTemplate\":\"http:\/\/www.digitalvisible.net\/?s={search_term_string}\"},\"query-input\":{\"@type\":\"PropertyValueSpecification\",\"valueRequired\":true,\"valueName\":\"search_term_string\"}}],\"inLanguage\":\"en-US\"},{\"@type\":\"Organization\",\"@id\":\"http:\/\/www.digitalvisible.net\/#organization\",\"name\":\"Digital Visible\",\"url\":\"http:\/\/www.digitalvisible.net\/\",\"logo\":{\"@type\":\"ImageObject\",\"inLanguage\":\"en-US\",\"@id\":\"http:\/\/www.digitalvisible.net\/#\/schema\/logo\/image\/\",\"url\":\"http:\/\/www.digitalvisible.net\/wp-content\/uploads\/2021\/02\/LogoMakr-1dfKUx.png\",\"contentUrl\":\"http:\/\/www.digitalvisible.net\/wp-content\/uploads\/2021\/02\/LogoMakr-1dfKUx.png\",\"width\":300,\"height\":121,\"caption\":\"Digital Visible\"},\"image\":{\"@id\":\"http:\/\/www.digitalvisible.net\/#\/schema\/logo\/image\/\"},\"sameAs\":[\"https:\/\/www.facebook.com\/digitalvisible.net\/news_feed\",\"https:\/\/www.linkedin.com\/company\/75433794\/admin\/\"]}]}<\/script>\r\n<!-- \/ Yoast SEO plugin. -->","yoast_head_json":{"title":"Politic\u0103 de confiden\u021bialitate &#8902; DigitalVisible internet marketing agency in Timisoara , TM","robots":{"index":"index","follow":"follow","max-snippet":"max-snippet:-1","max-image-preview":"max-image-preview:large","max-video-preview":"max-video-preview:-1"},"canonical":"http:\/\/www.digitalvisible.net\/en\/politica-de-confidentialitate\/","og_locale":"en_US","og_type":"article","og_title":"Politic\u0103 de confiden\u021bialitate &#8902; DigitalVisible internet marketing agency in Timisoara , TM","og_description":"Cine suntem? Adresa sitului web este: http:\/\/www.digitalvisible.net. Ce date personale colect\u0103m \u0219i de ce le colect\u0103m? Comentarii C\u00e2nd vizitatorii las\u0103 comentarii pe site, colect\u0103m datele ar\u0103tate \u00een formularele de comentarii, dar \u0219i adresa IP a vizitatorului \u0219i \u0219irul agen\u021bilor utilizator din navigator pentru a ne ajuta la detectarea spamului. Un \u0219ir f\u0103cut anonim (numit \u0219i &hellip; Politic\u0103 de confiden\u021bialitate Read More &raquo;","og_url":"http:\/\/www.digitalvisible.net\/en\/politica-de-confidentialitate\/","og_site_name":"DigitalVisible internet marketing agency in Timisoara , TM","article_publisher":"https:\/\/www.facebook.com\/digitalvisible.net\/news_feed","article_modified_time":"2021-02-18T14:02:21+00:00","og_image":[{"width":300,"height":121,"url":"http:\/\/www.digitalvisible.net\/wp-content\/uploads\/2021\/02\/LogoMakr-1dfKUx.png","type":"image\/png"}],"twitter_card":"summary_large_image","twitter_misc":{"Est. reading time":"3 minutes"},"schema":{"@context":"https:\/\/schema.org","@graph":[{"@type":"WebPage","@id":"http:\/\/www.digitalvisible.net\/politica-de-confidentialitate\/","url":"http:\/\/www.digitalvisible.net\/politica-de-confidentialitate\/","name":"Politic\u0103 de confiden\u021bialitate &#8902; DigitalVisible internet marketing agency in Timisoara , TM","isPartOf":{"@id":"http:\/\/www.digitalvisible.net\/#website"},"datePublished":"2021-01-05T19:13:24+00:00","dateModified":"2021-02-18T14:02:21+00:00","breadcrumb":{"@id":"http:\/\/www.digitalvisible.net\/politica-de-confidentialitate\/#breadcrumb"},"inLanguage":"en-US","potentialAction":[{"@type":"ReadAction","target":["http:\/\/www.digitalvisible.net\/politica-de-confidentialitate\/"]}]},{"@type":"BreadcrumbList","@id":"http:\/\/www.digitalvisible.net\/politica-de-confidentialitate\/#breadcrumb","itemListElement":[{"@type":"ListItem","position":1,"name":"Home","item":"http:\/\/www.digitalvisible.net\/"},{"@type":"ListItem","position":2,"name":"Politic\u0103 de confiden\u021bialitate"}]},{"@type":"WebSite","@id":"http:\/\/www.digitalvisible.net\/#website","url":"http:\/\/www.digitalvisible.net\/","name":"DigitalVisible internet marketing agency in Timisoara , TM","description":"Internet marketing service, SEO, SEM, E-commerce, near me, in Timisoara TM","publisher":{"@id":"http:\/\/www.digitalvisible.net\/#organization"},"potentialAction":[{"@type":"SearchAction","target":{"@type":"EntryPoint","urlTemplate":"http:\/\/www.digitalvisible.net\/?s={search_term_string}"},"query-input":{"@type":"PropertyValueSpecification","valueRequired":true,"valueName":"search_term_string"}}],"inLanguage":"en-US"},{"@type":"Organization","@id":"http:\/\/www.digitalvisible.net\/#organization","name":"Digital Visible","url":"http:\/\/www.digitalvisible.net\/","logo":{"@type":"ImageObject","inLanguage":"en-US","@id":"http:\/\/www.digitalvisible.net\/#\/schema\/logo\/image\/","url":"http:\/\/www.digitalvisible.net\/wp-content\/uploads\/2021\/02\/LogoMakr-1dfKUx.png","contentUrl":"http:\/\/www.digitalvisible.net\/wp-content\/uploads\/2021\/02\/LogoMakr-1dfKUx.png","width":300,"height":121,"caption":"Digital Visible"},"image":{"@id":"http:\/\/www.digitalvisible.net\/#\/schema\/logo\/image\/"},"sameAs":["https:\/\/www.facebook.com\/digitalvisible.net\/news_feed","https:\/\/www.linkedin.com\/company\/75433794\/admin\/"]}]}},"_links":{"self":[{"href":"http:\/\/www.digitalvisible.net\/en\/wp-json\/wp\/v2\/pages\/3","targetHints":{"allow":["GET"]}}],"collection":[{"href":"http:\/\/www.digitalvisible.net\/en\/wp-json\/wp\/v2\/pages"}],"about":[{"href":"http:\/\/www.digitalvisible.net\/en\/wp-json\/wp\/v2\/types\/page"}],"author":[{"embeddable":true,"href":"http:\/\/www.digitalvisible.net\/en\/wp-json\/wp\/v2\/users\/1"}],"replies":[{"embeddable":true,"href":"http:\/\/www.digitalvisible.net\/en\/wp-json\/wp\/v2\/comments?post=3"}],"version-history":[{"count":6,"href":"http:\/\/www.digitalvisible.net\/en\/wp-json\/wp\/v2\/pages\/3\/revisions"}],"predecessor-version":[{"id":2270,"href":"http:\/\/www.digitalvisible.net\/en\/wp-json\/wp\/v2\/pages\/3\/revisions\/2270"}],"wp:attachment":[{"href":"http:\/\/www.digitalvisible.net\/en\/wp-json\/wp\/v2\/media?parent=3"}],"curies":[{"name":"wp","href":"https:\/\/api.w.org\/{rel}","templated":true}]}}